{"id":100,"date":"2025-07-14T20:16:37","date_gmt":"2025-07-14T20:16:37","guid":{"rendered":"https:\/\/tarifabeer.com\/?page_id=100"},"modified":"2025-10-06T12:02:27","modified_gmt":"2025-10-06T12:02:27","slug":"birras","status":"publish","type":"page","link":"https:\/\/tarifabeer.com\/?page_id=100","title":{"rendered":"Birras"},"content":{"rendered":"\t\t<div data-elementor-type=\"wp-page\" data-elementor-id=\"100\" class=\"elementor elementor-100\">\n\t\t\t\t<div class=\"elementor-element elementor-element-75034f1 e-flex e-con-boxed e-con e-parent\" data-id=\"75034f1\" data-element_type=\"container\" data-settings=\"{&quot;background_background&quot;:&quot;classic&quot;}\">\n\t\t\t\t\t<div class=\"e-con-inner\">\n\t\t\t\t<div class=\"elementor-element elementor-element-808814d elementor-widget elementor-widget-spacer\" data-id=\"808814d\" data-element_type=\"widget\" data-widget_type=\"spacer.default\">\n\t\t\t\t\t\t\t<div class=\"elementor-spacer\">\n\t\t\t<div class=\"elementor-spacer-inner\"><\/div>\n\t\t<\/div>\n\t\t\t\t\t\t<\/div>\n\t\t\t\t<div class=\"elementor-element elementor-element-62b7fea elementor-widget elementor-widget-heading\" data-id=\"62b7fea\" data-element_type=\"widget\" data-widget_type=\"heading.default\">\n\t\t\t\t\t<h2 class=\"elementor-heading-title elementor-size-default\">\u00bfQu\u00e9 birra quieres?<\/h2>\t\t\t\t<\/div>\n\t\t\t\t\t<\/div>\n\t\t\t\t<\/div>\n\t\t<div class=\"elementor-element elementor-element-555e67b e-flex e-con-boxed e-con e-parent\" data-id=\"555e67b\" data-element_type=\"container\" data-settings=\"{&quot;background_background&quot;:&quot;classic&quot;}\">\n\t\t\t\t\t<div class=\"e-con-inner\">\n\t\t<div class=\"elementor-element elementor-element-87e7222 e-con-full e-flex e-con e-child\" data-id=\"87e7222\" data-element_type=\"container\" data-settings=\"{&quot;background_background&quot;:&quot;classic&quot;}\">\n\t\t<div class=\"elementor-element elementor-element-55632d2 e-con-full e-flex e-con e-child\" data-id=\"55632d2\" data-element_type=\"container\">\n\t\t\t\t<div class=\"elementor-element elementor-element-c0f607c elementor-widget elementor-widget-image\" data-id=\"c0f607c\" data-element_type=\"widget\" data-widget_type=\"image.default\">\n\t\t\t\t\t\t\t\t\t\t\t\t\t\t\t<img fetchpriority=\"high\" decoding=\"async\" width=\"800\" height=\"841\" src=\"https:\/\/tarifabeer.com\/wp-content\/uploads\/2025\/07\/cuadrado-ipa-e1759749819537-974x1024.jpeg\" class=\"attachment-large size-large wp-image-16\" alt=\"\" srcset=\"https:\/\/tarifabeer.com\/wp-content\/uploads\/2025\/07\/cuadrado-ipa-e1759749819537-974x1024.jpeg 974w, https:\/\/tarifabeer.com\/wp-content\/uploads\/2025\/07\/cuadrado-ipa-e1759749819537-285x300.jpeg 285w, https:\/\/tarifabeer.com\/wp-content\/uploads\/2025\/07\/cuadrado-ipa-e1759749819537-768x807.jpeg 768w\" sizes=\"(max-width: 800px) 100vw, 800px\" \/>\t\t\t\t\t\t\t\t\t\t\t\t\t\t\t<\/div>\n\t\t\t\t<div class=\"elementor-element elementor-element-d8f97e3 elementor-widget elementor-widget-heading\" data-id=\"d8f97e3\" data-element_type=\"widget\" data-widget_type=\"heading.default\">\n\t\t\t\t\t<h2 class=\"elementor-heading-title elementor-size-default\">IPA<\/h2>\t\t\t\t<\/div>\n\t\t\t\t<div class=\"elementor-element elementor-element-00927d3 elementor-widget elementor-widget-text-editor\" data-id=\"00927d3\" data-element_type=\"widget\" data-widget_type=\"text-editor.default\">\n\t\t\t\t\t\t\t\t\t<p><span class=\"OYPEnA font-feature-liga-off font-feature-clig-off font-feature-calt-off text-decoration-none text-strikethrough-none\">Intensa y arom\u00e1tica, perfecta para los amantes del surf.<\/span><\/p>\t\t\t\t\t\t\t\t<\/div>\n\t\t\t\t<div class=\"elementor-element elementor-element-0bff726 elementor-button-info elementor-widget elementor-widget-button\" data-id=\"0bff726\" data-element_type=\"widget\" data-widget_type=\"button.default\">\n\t\t\t\t\t\t\t\t\t\t<a class=\"elementor-button elementor-button-link elementor-size-sm\" href=\"http:\/\/tarifabeer.com\/?page_id=48\">\n\t\t\t\t\t\t<span class=\"elementor-button-content-wrapper\">\n\t\t\t\t\t\t\t\t\t<span class=\"elementor-button-text\">Detalles<\/span>\n\t\t\t\t\t<\/span>\n\t\t\t\t\t<\/a>\n\t\t\t\t\t\t\t\t<\/div>\n\t\t\t\t<\/div>\n\t\t<div class=\"elementor-element elementor-element-01930cb e-con-full e-flex e-con e-child\" data-id=\"01930cb\" data-element_type=\"container\">\n\t\t\t\t<div class=\"elementor-element elementor-element-6764d42 elementor-widget elementor-widget-image\" data-id=\"6764d42\" data-element_type=\"widget\" data-widget_type=\"image.default\">\n\t\t\t\t\t\t\t\t\t\t\t\t\t\t\t<img decoding=\"async\" width=\"800\" height=\"800\" src=\"https:\/\/tarifabeer.com\/wp-content\/uploads\/2025\/10\/blonde-ale-calidad-1024x1024.png\" class=\"attachment-large size-large wp-image-309\" alt=\"Blonde Ale\" srcset=\"https:\/\/tarifabeer.com\/wp-content\/uploads\/2025\/10\/blonde-ale-calidad-1024x1024.png 1024w, https:\/\/tarifabeer.com\/wp-content\/uploads\/2025\/10\/blonde-ale-calidad-300x300.png 300w, https:\/\/tarifabeer.com\/wp-content\/uploads\/2025\/10\/blonde-ale-calidad-150x150.png 150w, https:\/\/tarifabeer.com\/wp-content\/uploads\/2025\/10\/blonde-ale-calidad-768x768.png 768w, https:\/\/tarifabeer.com\/wp-content\/uploads\/2025\/10\/blonde-ale-calidad.png 1080w\" sizes=\"(max-width: 800px) 100vw, 800px\" \/>\t\t\t\t\t\t\t\t\t\t\t\t\t\t\t<\/div>\n\t\t\t\t<div class=\"elementor-element elementor-element-3c5b371 elementor-widget elementor-widget-heading\" data-id=\"3c5b371\" data-element_type=\"widget\" data-widget_type=\"heading.default\">\n\t\t\t\t\t<h2 class=\"elementor-heading-title elementor-size-default\">BLONDE ALE<\/h2>\t\t\t\t<\/div>\n\t\t\t\t<div class=\"elementor-element elementor-element-bbecda5 elementor-widget elementor-widget-text-editor\" data-id=\"bbecda5\" data-element_type=\"widget\" data-widget_type=\"text-editor.default\">\n\t\t\t\t\t\t\t\t\t<p><span class=\"OYPEnA font-feature-liga-off font-feature-clig-off font-feature-calt-off text-decoration-none text-strikethrough-none\">Refrescante y suave, ideal para los d\u00edas de playa.<\/span><\/p>\t\t\t\t\t\t\t\t<\/div>\n\t\t\t\t<div class=\"elementor-element elementor-element-f1c2ae9 elementor-widget elementor-widget-button\" data-id=\"f1c2ae9\" data-element_type=\"widget\" data-widget_type=\"button.default\">\n\t\t\t\t\t\t\t\t\t\t<a class=\"elementor-button elementor-button-link elementor-size-sm\" href=\"http:\/\/tarifabeer.com\/?page_id=53\">\n\t\t\t\t\t\t<span class=\"elementor-button-content-wrapper\">\n\t\t\t\t\t\t\t\t\t<span class=\"elementor-button-text\">Detalles<\/span>\n\t\t\t\t\t<\/span>\n\t\t\t\t\t<\/a>\n\t\t\t\t\t\t\t\t<\/div>\n\t\t\t\t<\/div>\n\t\t<div class=\"elementor-element elementor-element-4a6cd51 e-con-full e-flex e-con e-child\" data-id=\"4a6cd51\" data-element_type=\"container\">\n\t\t\t\t<div class=\"elementor-element elementor-element-4b4a5e3 elementor-widget elementor-widget-image\" data-id=\"4b4a5e3\" data-element_type=\"widget\" data-widget_type=\"image.default\">\n\t\t\t\t\t\t\t\t\t\t\t\t\t\t\t<img decoding=\"async\" width=\"800\" height=\"841\" src=\"https:\/\/tarifabeer.com\/wp-content\/uploads\/2025\/07\/cuadrado-zero-e1759750459954-974x1024.jpeg\" class=\"attachment-large size-large wp-image-18\" alt=\"\" srcset=\"https:\/\/tarifabeer.com\/wp-content\/uploads\/2025\/07\/cuadrado-zero-e1759750459954-974x1024.jpeg 974w, https:\/\/tarifabeer.com\/wp-content\/uploads\/2025\/07\/cuadrado-zero-e1759750459954-285x300.jpeg 285w, https:\/\/tarifabeer.com\/wp-content\/uploads\/2025\/07\/cuadrado-zero-e1759750459954-768x807.jpeg 768w, https:\/\/tarifabeer.com\/wp-content\/uploads\/2025\/07\/cuadrado-zero-e1759750459954.jpeg 1080w\" sizes=\"(max-width: 800px) 100vw, 800px\" \/>\t\t\t\t\t\t\t\t\t\t\t\t\t\t\t<\/div>\n\t\t\t\t<div class=\"elementor-element elementor-element-2feeb5a elementor-widget elementor-widget-heading\" data-id=\"2feeb5a\" data-element_type=\"widget\" data-widget_type=\"heading.default\">\n\t\t\t\t\t<h2 class=\"elementor-heading-title elementor-size-default\">ZERO<\/h2>\t\t\t\t<\/div>\n\t\t\t\t<div class=\"elementor-element elementor-element-bed4494 elementor-widget elementor-widget-text-editor\" data-id=\"bed4494\" data-element_type=\"widget\" data-widget_type=\"text-editor.default\">\n\t\t\t\t\t\t\t\t\t<p><span class=\"OYPEnA font-feature-liga-off font-feature-clig-off font-feature-calt-off text-decoration-none text-strikethrough-none\">Todo el sabor, sin restricciones.<\/span><\/p>\t\t\t\t\t\t\t\t<\/div>\n\t\t\t\t<div class=\"elementor-element elementor-element-eb42f36 elementor-widget elementor-widget-button\" data-id=\"eb42f36\" data-element_type=\"widget\" data-widget_type=\"button.default\">\n\t\t\t\t\t\t\t\t\t\t<a class=\"elementor-button elementor-button-link elementor-size-sm\" href=\"http:\/\/tarifabeer.com\/?page_id=66\">\n\t\t\t\t\t\t<span class=\"elementor-button-content-wrapper\">\n\t\t\t\t\t\t\t\t\t<span class=\"elementor-button-text\">Detalles<\/span>\n\t\t\t\t\t<\/span>\n\t\t\t\t\t<\/a>\n\t\t\t\t\t\t\t\t<\/div>\n\t\t\t\t<\/div>\n\t\t\t\t<\/div>\n\t\t\t\t\t<\/div>\n\t\t\t\t<\/div>\n\t\t\t\t<\/div>\n\t\t","protected":false},"excerpt":{"rendered":"<p>\u00bfQu\u00e9 birra quieres? IPA Intensa y arom\u00e1tica, perfecta para los amantes del surf. Detalles BLONDE ALE Refrescante y suave, ideal para los d\u00edas de playa. Detalles ZERO Todo el sabor, sin restricciones. Detalles<\/p>\n","protected":false},"author":1,"featured_media":0,"parent":0,"menu_order":0,"comment_status":"closed","ping_status":"closed","template":"","meta":{"footnotes":""},"class_list":["post-100","page","type-page","status-publish","hentry"],"yoast_head":"<!-- This site is optimized with the Yoast SEO plugin v26.0 - https:\/\/yoast.com\/wordpress\/plugins\/seo\/ -->\n<title>Tarifa Beer \u2013 Birras<\/title>\n<meta name=\"description\" content=\"Descubre nuestras birras: Blonde ale, IPA y sin alcohol. Elaboradas con car\u00e1cter gaditano, frescas y con el alma libre del viento de Tarifa.\" \/>\n<meta name=\"robots\" content=\"index, follow, max-snippet:-1, max-image-preview:large, max-video-preview:-1\" \/>\n<link rel=\"canonical\" href=\"https:\/\/tarifabeer.com\/?page_id=100\" \/>\n<meta property=\"og:locale\" content=\"es_ES\" \/>\n<meta property=\"og:type\" content=\"article\" \/>\n<meta property=\"og:title\" content=\"Tarifa Beer \u2013 Birras\" \/>\n<meta property=\"og:description\" content=\"Descubre nuestras birras: Blonde ale, IPA y sin alcohol. Elaboradas con car\u00e1cter gaditano, frescas y con el alma libre del viento de Tarifa.\" \/>\n<meta property=\"og:url\" content=\"https:\/\/tarifabeer.com\/?page_id=100\" \/>\n<meta property=\"og:site_name\" content=\"Tarifa Beer\" \/>\n<meta property=\"article:modified_time\" content=\"2025-10-06T12:02:27+00:00\" \/>\n<meta property=\"og:image\" content=\"https:\/\/tarifabeer.com\/wp-content\/uploads\/2025\/07\/cuadrado-ipa-e1759749819537-974x1024.jpeg\" \/>\n<meta name=\"twitter:card\" content=\"summary_large_image\" \/>\n<meta name=\"twitter:label1\" content=\"Tiempo de lectura\" \/>\n\t<meta name=\"twitter:data1\" content=\"1 minuto\" \/>\n<script type=\"application\/ld+json\" class=\"yoast-schema-graph\">{\"@context\":\"https:\/\/schema.org\",\"@graph\":[{\"@type\":\"WebPage\",\"@id\":\"https:\/\/tarifabeer.com\/?page_id=100\",\"url\":\"https:\/\/tarifabeer.com\/?page_id=100\",\"name\":\"Tarifa Beer \u2013 Birras\",\"isPartOf\":{\"@id\":\"https:\/\/tarifabeer.com\/#website\"},\"primaryImageOfPage\":{\"@id\":\"https:\/\/tarifabeer.com\/?page_id=100#primaryimage\"},\"image\":{\"@id\":\"https:\/\/tarifabeer.com\/?page_id=100#primaryimage\"},\"thumbnailUrl\":\"https:\/\/tarifabeer.com\/wp-content\/uploads\/2025\/07\/cuadrado-ipa-e1759749819537-974x1024.jpeg\",\"datePublished\":\"2025-07-14T20:16:37+00:00\",\"dateModified\":\"2025-10-06T12:02:27+00:00\",\"description\":\"Descubre nuestras birras: Blonde ale, IPA y sin alcohol. Elaboradas con car\u00e1cter gaditano, frescas y con el alma libre del viento de Tarifa.\",\"breadcrumb\":{\"@id\":\"https:\/\/tarifabeer.com\/?page_id=100#breadcrumb\"},\"inLanguage\":\"es\",\"potentialAction\":[{\"@type\":\"ReadAction\",\"target\":[\"https:\/\/tarifabeer.com\/?page_id=100\"]}]},{\"@type\":\"ImageObject\",\"inLanguage\":\"es\",\"@id\":\"https:\/\/tarifabeer.com\/?page_id=100#primaryimage\",\"url\":\"https:\/\/tarifabeer.com\/wp-content\/uploads\/2025\/07\/cuadrado-ipa-e1759749891161.jpeg\",\"contentUrl\":\"https:\/\/tarifabeer.com\/wp-content\/uploads\/2025\/07\/cuadrado-ipa-e1759749891161.jpeg\",\"width\":1028,\"height\":1080},{\"@type\":\"BreadcrumbList\",\"@id\":\"https:\/\/tarifabeer.com\/?page_id=100#breadcrumb\",\"itemListElement\":[{\"@type\":\"ListItem\",\"position\":1,\"name\":\"Portada\",\"item\":\"https:\/\/tarifabeer.com\/\"},{\"@type\":\"ListItem\",\"position\":2,\"name\":\"Birras\"}]},{\"@type\":\"WebSite\",\"@id\":\"https:\/\/tarifabeer.com\/#website\",\"url\":\"https:\/\/tarifabeer.com\/\",\"name\":\"Tarifa Beer\",\"description\":\"Cerveza artesanal de Tarifa. Pura, dorada y hecha con buena vibra.\",\"publisher\":{\"@id\":\"https:\/\/tarifabeer.com\/#organization\"},\"potentialAction\":[{\"@type\":\"SearchAction\",\"target\":{\"@type\":\"EntryPoint\",\"urlTemplate\":\"https:\/\/tarifabeer.com\/?s={search_term_string}\"},\"query-input\":{\"@type\":\"PropertyValueSpecification\",\"valueRequired\":true,\"valueName\":\"search_term_string\"}}],\"inLanguage\":\"es\"},{\"@type\":\"Organization\",\"@id\":\"https:\/\/tarifabeer.com\/#organization\",\"name\":\"Tarifa Beer\",\"url\":\"https:\/\/tarifabeer.com\/\",\"logo\":{\"@type\":\"ImageObject\",\"inLanguage\":\"es\",\"@id\":\"https:\/\/tarifabeer.com\/#\/schema\/logo\/image\/\",\"url\":\"https:\/\/tarifabeer.com\/wp-content\/uploads\/2025\/07\/cropped-cropped-cuadrado-lager.jpeg\",\"contentUrl\":\"https:\/\/tarifabeer.com\/wp-content\/uploads\/2025\/07\/cropped-cropped-cuadrado-lager.jpeg\",\"width\":512,\"height\":396,\"caption\":\"Tarifa Beer\"},\"image\":{\"@id\":\"https:\/\/tarifabeer.com\/#\/schema\/logo\/image\/\"}}]}<\/script>\n<!-- \/ Yoast SEO plugin. -->","yoast_head_json":{"title":"Tarifa Beer \u2013 Birras","description":"Descubre nuestras birras: Blonde ale, IPA y sin alcohol. Elaboradas con car\u00e1cter gaditano, frescas y con el alma libre del viento de Tarifa.","robots":{"index":"index","follow":"follow","max-snippet":"max-snippet:-1","max-image-preview":"max-image-preview:large","max-video-preview":"max-video-preview:-1"},"canonical":"https:\/\/tarifabeer.com\/?page_id=100","og_locale":"es_ES","og_type":"article","og_title":"Tarifa Beer \u2013 Birras","og_description":"Descubre nuestras birras: Blonde ale, IPA y sin alcohol. Elaboradas con car\u00e1cter gaditano, frescas y con el alma libre del viento de Tarifa.","og_url":"https:\/\/tarifabeer.com\/?page_id=100","og_site_name":"Tarifa Beer","article_modified_time":"2025-10-06T12:02:27+00:00","og_image":[{"url":"https:\/\/tarifabeer.com\/wp-content\/uploads\/2025\/07\/cuadrado-ipa-e1759749819537-974x1024.jpeg","type":"","width":"","height":""}],"twitter_card":"summary_large_image","twitter_misc":{"Tiempo de lectura":"1 minuto"},"schema":{"@context":"https:\/\/schema.org","@graph":[{"@type":"WebPage","@id":"https:\/\/tarifabeer.com\/?page_id=100","url":"https:\/\/tarifabeer.com\/?page_id=100","name":"Tarifa Beer \u2013 Birras","isPartOf":{"@id":"https:\/\/tarifabeer.com\/#website"},"primaryImageOfPage":{"@id":"https:\/\/tarifabeer.com\/?page_id=100#primaryimage"},"image":{"@id":"https:\/\/tarifabeer.com\/?page_id=100#primaryimage"},"thumbnailUrl":"https:\/\/tarifabeer.com\/wp-content\/uploads\/2025\/07\/cuadrado-ipa-e1759749819537-974x1024.jpeg","datePublished":"2025-07-14T20:16:37+00:00","dateModified":"2025-10-06T12:02:27+00:00","description":"Descubre nuestras birras: Blonde ale, IPA y sin alcohol. Elaboradas con car\u00e1cter gaditano, frescas y con el alma libre del viento de Tarifa.","breadcrumb":{"@id":"https:\/\/tarifabeer.com\/?page_id=100#breadcrumb"},"inLanguage":"es","potentialAction":[{"@type":"ReadAction","target":["https:\/\/tarifabeer.com\/?page_id=100"]}]},{"@type":"ImageObject","inLanguage":"es","@id":"https:\/\/tarifabeer.com\/?page_id=100#primaryimage","url":"https:\/\/tarifabeer.com\/wp-content\/uploads\/2025\/07\/cuadrado-ipa-e1759749891161.jpeg","contentUrl":"https:\/\/tarifabeer.com\/wp-content\/uploads\/2025\/07\/cuadrado-ipa-e1759749891161.jpeg","width":1028,"height":1080},{"@type":"BreadcrumbList","@id":"https:\/\/tarifabeer.com\/?page_id=100#breadcrumb","itemListElement":[{"@type":"ListItem","position":1,"name":"Portada","item":"https:\/\/tarifabeer.com\/"},{"@type":"ListItem","position":2,"name":"Birras"}]},{"@type":"WebSite","@id":"https:\/\/tarifabeer.com\/#website","url":"https:\/\/tarifabeer.com\/","name":"Tarifa Beer","description":"Cerveza artesanal de Tarifa. Pura, dorada y hecha con buena vibra.","publisher":{"@id":"https:\/\/tarifabeer.com\/#organization"},"potentialAction":[{"@type":"SearchAction","target":{"@type":"EntryPoint","urlTemplate":"https:\/\/tarifabeer.com\/?s={search_term_string}"},"query-input":{"@type":"PropertyValueSpecification","valueRequired":true,"valueName":"search_term_string"}}],"inLanguage":"es"},{"@type":"Organization","@id":"https:\/\/tarifabeer.com\/#organization","name":"Tarifa Beer","url":"https:\/\/tarifabeer.com\/","logo":{"@type":"ImageObject","inLanguage":"es","@id":"https:\/\/tarifabeer.com\/#\/schema\/logo\/image\/","url":"https:\/\/tarifabeer.com\/wp-content\/uploads\/2025\/07\/cropped-cropped-cuadrado-lager.jpeg","contentUrl":"https:\/\/tarifabeer.com\/wp-content\/uploads\/2025\/07\/cropped-cropped-cuadrado-lager.jpeg","width":512,"height":396,"caption":"Tarifa Beer"},"image":{"@id":"https:\/\/tarifabeer.com\/#\/schema\/logo\/image\/"}}]}},"_links":{"self":[{"href":"https:\/\/tarifabeer.com\/index.php?rest_route=\/wp\/v2\/pages\/100","targetHints":{"allow":["GET"]}}],"collection":[{"href":"https:\/\/tarifabeer.com\/index.php?rest_route=\/wp\/v2\/pages"}],"about":[{"href":"https:\/\/tarifabeer.com\/index.php?rest_route=\/wp\/v2\/types\/page"}],"author":[{"embeddable":true,"href":"https:\/\/tarifabeer.com\/index.php?rest_route=\/wp\/v2\/users\/1"}],"replies":[{"embeddable":true,"href":"https:\/\/tarifabeer.com\/index.php?rest_route=%2Fwp%2Fv2%2Fcomments&post=100"}],"version-history":[{"count":5,"href":"https:\/\/tarifabeer.com\/index.php?rest_route=\/wp\/v2\/pages\/100\/revisions"}],"predecessor-version":[{"id":333,"href":"https:\/\/tarifabeer.com\/index.php?rest_route=\/wp\/v2\/pages\/100\/revisions\/333"}],"wp:attachment":[{"href":"https:\/\/tarifabeer.com\/index.php?rest_route=%2Fwp%2Fv2%2Fmedia&parent=100"}],"curies":[{"name":"wp","href":"https:\/\/api.w.org\/{rel}","templated":true}]}}