{"id":11,"date":"2025-07-14T18:21:59","date_gmt":"2025-07-14T18:21:59","guid":{"rendered":"https:\/\/tarifabeer.com\/?page_id=11"},"modified":"2025-10-06T11:58:34","modified_gmt":"2025-10-06T11:58:34","slug":"pagina-de-inicio","status":"publish","type":"page","link":"https:\/\/tarifabeer.com\/","title":{"rendered":"P\u00e1gina de inicio"},"content":{"rendered":"\t\t<div data-elementor-type=\"wp-page\" data-elementor-id=\"11\" class=\"elementor elementor-11\">\n\t\t\t\t<div class=\"elementor-element elementor-element-ad26e16 e-flex e-con-boxed e-con e-parent\" data-id=\"ad26e16\" data-element_type=\"container\" data-settings=\"{&quot;background_background&quot;:&quot;slideshow&quot;,&quot;background_slideshow_gallery&quot;:[{&quot;id&quot;:13,&quot;url&quot;:&quot;http:\\\/\\\/tarifabeer.com\\\/wp-content\\\/uploads\\\/2025\\\/07\\\/paleta-colores.jpg&quot;}],&quot;background_slideshow_loop&quot;:&quot;yes&quot;,&quot;background_slideshow_slide_duration&quot;:5000,&quot;background_slideshow_slide_transition&quot;:&quot;fade&quot;,&quot;background_slideshow_transition_duration&quot;:500}\">\n\t\t\t\t\t<div class=\"e-con-inner\">\n\t\t\t\t<div class=\"elementor-element elementor-element-32b6d11 elementor-widget elementor-widget-image\" data-id=\"32b6d11\" data-element_type=\"widget\" data-widget_type=\"image.default\">\n\t\t\t\t\t\t\t\t\t\t\t\t\t\t\t<img fetchpriority=\"high\" decoding=\"async\" width=\"800\" height=\"252\" src=\"https:\/\/tarifabeer.com\/wp-content\/uploads\/2025\/07\/circulo-home-page-1024x323.png\" class=\"attachment-large size-large wp-image-15\" alt=\"\" srcset=\"https:\/\/tarifabeer.com\/wp-content\/uploads\/2025\/07\/circulo-home-page-1024x323.png 1024w, https:\/\/tarifabeer.com\/wp-content\/uploads\/2025\/07\/circulo-home-page-300x95.png 300w, https:\/\/tarifabeer.com\/wp-content\/uploads\/2025\/07\/circulo-home-page-768x242.png 768w, https:\/\/tarifabeer.com\/wp-content\/uploads\/2025\/07\/circulo-home-page-1536x484.png 1536w, https:\/\/tarifabeer.com\/wp-content\/uploads\/2025\/07\/circulo-home-page-2048x646.png 2048w\" sizes=\"(max-width: 800px) 100vw, 800px\" \/>\t\t\t\t\t\t\t\t\t\t\t\t\t\t\t<\/div>\n\t\t\t\t\t<\/div>\n\t\t\t\t<\/div>\n\t\t<div class=\"elementor-element elementor-element-633cdcb e-flex e-con-boxed e-con e-parent\" data-id=\"633cdcb\" data-element_type=\"container\">\n\t\t\t\t\t<div class=\"e-con-inner\">\n\t\t\t\t<div class=\"elementor-element elementor-element-df72fc3 elementor-widget elementor-widget-heading\" data-id=\"df72fc3\" data-element_type=\"widget\" data-widget_type=\"heading.default\">\n\t\t\t\t\t<h3 class=\"elementor-heading-title elementor-size-default\">Nacimos entre las olas, el salitre y un walkman sonando a todo volumen. Nuestra birra sabe a sol, a libertad y a veranos que nunca terminan.<\/h3>\t\t\t\t<\/div>\n\t\t\t\t\t<\/div>\n\t\t\t\t<\/div>\n\t\t<div class=\"elementor-element elementor-element-bcb2ad1 e-flex e-con-boxed e-con e-parent\" data-id=\"bcb2ad1\" data-element_type=\"container\" data-settings=\"{&quot;background_background&quot;:&quot;classic&quot;}\">\n\t\t\t\t\t<div class=\"e-con-inner\">\n\t\t<div class=\"elementor-element elementor-element-16c0798 e-con-full e-flex e-con e-child\" data-id=\"16c0798\" data-element_type=\"container\">\n\t\t\t\t<div class=\"elementor-element elementor-element-3809232 elementor-widget elementor-widget-image\" data-id=\"3809232\" data-element_type=\"widget\" data-widget_type=\"image.default\">\n\t\t\t\t\t\t\t\t\t\t\t\t\t\t\t<img decoding=\"async\" width=\"285\" height=\"300\" src=\"https:\/\/tarifabeer.com\/wp-content\/uploads\/2025\/07\/cuadrado-ipa-e1759749819537-285x300.jpeg\" class=\"attachment-medium size-medium wp-image-16\" alt=\"\" srcset=\"https:\/\/tarifabeer.com\/wp-content\/uploads\/2025\/07\/cuadrado-ipa-e1759749819537-285x300.jpeg 285w, https:\/\/tarifabeer.com\/wp-content\/uploads\/2025\/07\/cuadrado-ipa-e1759749819537-974x1024.jpeg 974w, https:\/\/tarifabeer.com\/wp-content\/uploads\/2025\/07\/cuadrado-ipa-e1759749819537-768x807.jpeg 768w\" sizes=\"(max-width: 285px) 100vw, 285px\" \/>\t\t\t\t\t\t\t\t\t\t\t\t\t\t\t<\/div>\n\t\t\t\t<div class=\"elementor-element elementor-element-68f7afe elementor-widget elementor-widget-heading\" data-id=\"68f7afe\" data-element_type=\"widget\" data-widget_type=\"heading.default\">\n\t\t\t\t\t<h2 class=\"elementor-heading-title elementor-size-default\">IPA<\/h2>\t\t\t\t<\/div>\n\t\t\t\t<div class=\"elementor-element elementor-element-a641df1 elementor-widget elementor-widget-text-editor\" data-id=\"a641df1\" data-element_type=\"widget\" data-widget_type=\"text-editor.default\">\n\t\t\t\t\t\t\t\t\t<p><span class=\"OYPEnA font-feature-liga-off font-feature-clig-off font-feature-calt-off text-decoration-none text-strikethrough-none\">Intensa y arom\u00e1tica, perfecta para los amantes del surf.<\/span><\/p>\t\t\t\t\t\t\t\t<\/div>\n\t\t\t\t<div class=\"elementor-element elementor-element-92eff24 elementor-button-info elementor-widget elementor-widget-button\" data-id=\"92eff24\" data-element_type=\"widget\" data-widget_type=\"button.default\">\n\t\t\t\t\t\t\t\t\t\t<a class=\"elementor-button elementor-button-link elementor-size-sm\" href=\"http:\/\/tarifabeer.com\/?page_id=48\">\n\t\t\t\t\t\t<span class=\"elementor-button-content-wrapper\">\n\t\t\t\t\t\t\t\t\t<span class=\"elementor-button-text\">Detalles<\/span>\n\t\t\t\t\t<\/span>\n\t\t\t\t\t<\/a>\n\t\t\t\t\t\t\t\t<\/div>\n\t\t\t\t<\/div>\n\t\t<div class=\"elementor-element elementor-element-539c52d e-con-full e-flex e-con e-child\" data-id=\"539c52d\" data-element_type=\"container\">\n\t\t\t\t<div class=\"elementor-element elementor-element-c9c7528 elementor-widget elementor-widget-image\" data-id=\"c9c7528\" data-element_type=\"widget\" data-widget_type=\"image.default\">\n\t\t\t\t\t\t\t\t\t\t\t\t\t\t\t<img decoding=\"async\" width=\"300\" height=\"300\" src=\"https:\/\/tarifabeer.com\/wp-content\/uploads\/2025\/10\/blonde-ale-calidad-300x300.png\" class=\"attachment-medium size-medium wp-image-309\" alt=\"Blonde Ale\" srcset=\"https:\/\/tarifabeer.com\/wp-content\/uploads\/2025\/10\/blonde-ale-calidad-300x300.png 300w, https:\/\/tarifabeer.com\/wp-content\/uploads\/2025\/10\/blonde-ale-calidad-1024x1024.png 1024w, https:\/\/tarifabeer.com\/wp-content\/uploads\/2025\/10\/blonde-ale-calidad-150x150.png 150w, https:\/\/tarifabeer.com\/wp-content\/uploads\/2025\/10\/blonde-ale-calidad-768x768.png 768w, https:\/\/tarifabeer.com\/wp-content\/uploads\/2025\/10\/blonde-ale-calidad.png 1080w\" sizes=\"(max-width: 300px) 100vw, 300px\" \/>\t\t\t\t\t\t\t\t\t\t\t\t\t\t\t<\/div>\n\t\t\t\t<div class=\"elementor-element elementor-element-35aef6f elementor-widget elementor-widget-heading\" data-id=\"35aef6f\" data-element_type=\"widget\" data-widget_type=\"heading.default\">\n\t\t\t\t\t<h2 class=\"elementor-heading-title elementor-size-default\">BLONDE ALE<\/h2>\t\t\t\t<\/div>\n\t\t\t\t<div class=\"elementor-element elementor-element-aa94468 elementor-widget elementor-widget-text-editor\" data-id=\"aa94468\" data-element_type=\"widget\" data-widget_type=\"text-editor.default\">\n\t\t\t\t\t\t\t\t\t<p><span class=\"OYPEnA font-feature-liga-off font-feature-clig-off font-feature-calt-off text-decoration-none text-strikethrough-none\">Refrescante y suave, ideal para los d\u00edas de playa.<\/span><\/p>\t\t\t\t\t\t\t\t<\/div>\n\t\t\t\t<div class=\"elementor-element elementor-element-a976ced elementor-widget elementor-widget-button\" data-id=\"a976ced\" data-element_type=\"widget\" data-widget_type=\"button.default\">\n\t\t\t\t\t\t\t\t\t\t<a class=\"elementor-button elementor-button-link elementor-size-sm\" href=\"http:\/\/tarifabeer.com\/?page_id=53\">\n\t\t\t\t\t\t<span class=\"elementor-button-content-wrapper\">\n\t\t\t\t\t\t\t\t\t<span class=\"elementor-button-text\">Detalles<\/span>\n\t\t\t\t\t<\/span>\n\t\t\t\t\t<\/a>\n\t\t\t\t\t\t\t\t<\/div>\n\t\t\t\t<\/div>\n\t\t<div class=\"elementor-element elementor-element-4e51ebb e-con-full e-flex e-con e-child\" data-id=\"4e51ebb\" data-element_type=\"container\">\n\t\t\t\t<div class=\"elementor-element elementor-element-a7f9aac elementor-widget elementor-widget-image\" data-id=\"a7f9aac\" data-element_type=\"widget\" data-widget_type=\"image.default\">\n\t\t\t\t\t\t\t\t\t\t\t\t\t\t\t<img loading=\"lazy\" decoding=\"async\" width=\"285\" height=\"300\" src=\"https:\/\/tarifabeer.com\/wp-content\/uploads\/2025\/07\/cuadrado-zero-e1759750459954-285x300.jpeg\" class=\"attachment-medium size-medium wp-image-18\" alt=\"\" srcset=\"https:\/\/tarifabeer.com\/wp-content\/uploads\/2025\/07\/cuadrado-zero-e1759750459954-285x300.jpeg 285w, https:\/\/tarifabeer.com\/wp-content\/uploads\/2025\/07\/cuadrado-zero-e1759750459954-974x1024.jpeg 974w, https:\/\/tarifabeer.com\/wp-content\/uploads\/2025\/07\/cuadrado-zero-e1759750459954-768x807.jpeg 768w, https:\/\/tarifabeer.com\/wp-content\/uploads\/2025\/07\/cuadrado-zero-e1759750459954.jpeg 1080w\" sizes=\"(max-width: 285px) 100vw, 285px\" \/>\t\t\t\t\t\t\t\t\t\t\t\t\t\t\t<\/div>\n\t\t\t\t<div class=\"elementor-element elementor-element-91fdb16 elementor-widget elementor-widget-heading\" data-id=\"91fdb16\" data-element_type=\"widget\" data-widget_type=\"heading.default\">\n\t\t\t\t\t<h2 class=\"elementor-heading-title elementor-size-default\">ZERO<\/h2>\t\t\t\t<\/div>\n\t\t\t\t<div class=\"elementor-element elementor-element-c0e8494 elementor-widget elementor-widget-text-editor\" data-id=\"c0e8494\" data-element_type=\"widget\" data-widget_type=\"text-editor.default\">\n\t\t\t\t\t\t\t\t\t<p><span class=\"OYPEnA font-feature-liga-off font-feature-clig-off font-feature-calt-off text-decoration-none text-strikethrough-none\">Todo el sabor, sin restricciones.<\/span><\/p>\t\t\t\t\t\t\t\t<\/div>\n\t\t\t\t<div class=\"elementor-element elementor-element-ccf2677 elementor-widget elementor-widget-button\" data-id=\"ccf2677\" data-element_type=\"widget\" data-widget_type=\"button.default\">\n\t\t\t\t\t\t\t\t\t\t<a class=\"elementor-button elementor-button-link elementor-size-sm\" href=\"http:\/\/tarifabeer.com\/?page_id=66\">\n\t\t\t\t\t\t<span class=\"elementor-button-content-wrapper\">\n\t\t\t\t\t\t\t\t\t<span class=\"elementor-button-text\">Detalles<\/span>\n\t\t\t\t\t<\/span>\n\t\t\t\t\t<\/a>\n\t\t\t\t\t\t\t\t<\/div>\n\t\t\t\t<\/div>\n\t\t\t\t\t<\/div>\n\t\t\t\t<\/div>\n\t\t<div class=\"elementor-element elementor-element-f6fe33f e-flex e-con-boxed e-con e-parent\" data-id=\"f6fe33f\" data-element_type=\"container\" data-settings=\"{&quot;background_background&quot;:&quot;classic&quot;}\">\n\t\t\t\t\t<div class=\"e-con-inner\">\n\t\t\t\t<div class=\"elementor-element elementor-element-43c532b elementor-widget elementor-widget-spacer\" data-id=\"43c532b\" data-element_type=\"widget\" data-widget_type=\"spacer.default\">\n\t\t\t\t\t\t\t<div class=\"elementor-spacer\">\n\t\t\t<div class=\"elementor-spacer-inner\"><\/div>\n\t\t<\/div>\n\t\t\t\t\t\t<\/div>\n\t\t\t\t\t<\/div>\n\t\t\t\t<\/div>\n\t\t<div class=\"elementor-element elementor-element-892992c e-flex e-con-boxed e-con e-parent\" data-id=\"892992c\" data-element_type=\"container\" data-settings=\"{&quot;background_background&quot;:&quot;classic&quot;}\">\n\t\t\t\t\t<div class=\"e-con-inner\">\n\t\t\t\t<div class=\"elementor-element elementor-element-b07b5f4 elementor-widget elementor-widget-spacer\" data-id=\"b07b5f4\" data-element_type=\"widget\" data-widget_type=\"spacer.default\">\n\t\t\t\t\t\t\t<div class=\"elementor-spacer\">\n\t\t\t<div class=\"elementor-spacer-inner\"><\/div>\n\t\t<\/div>\n\t\t\t\t\t\t<\/div>\n\t\t\t\t\t<\/div>\n\t\t\t\t<\/div>\n\t\t<div class=\"elementor-element elementor-element-9978e16 e-flex e-con-boxed e-con e-parent\" data-id=\"9978e16\" data-element_type=\"container\" data-settings=\"{&quot;background_background&quot;:&quot;classic&quot;}\">\n\t\t\t\t\t<div class=\"e-con-inner\">\n\t\t\t\t<div class=\"elementor-element elementor-element-c236e6f elementor-widget elementor-widget-image\" data-id=\"c236e6f\" data-element_type=\"widget\" data-widget_type=\"image.default\">\n\t\t\t\t\t\t\t\t\t\t\t\t\t\t\t<img loading=\"lazy\" decoding=\"async\" width=\"1080\" height=\"556\" src=\"https:\/\/tarifabeer.com\/wp-content\/uploads\/2025\/10\/pie-de-pagina-e1759333790572.png\" class=\"attachment-full size-full wp-image-293\" alt=\"gente con tarifabeer\" srcset=\"https:\/\/tarifabeer.com\/wp-content\/uploads\/2025\/10\/pie-de-pagina-e1759333790572.png 1080w, https:\/\/tarifabeer.com\/wp-content\/uploads\/2025\/10\/pie-de-pagina-e1759333790572-300x154.png 300w, https:\/\/tarifabeer.com\/wp-content\/uploads\/2025\/10\/pie-de-pagina-e1759333790572-1024x527.png 1024w, https:\/\/tarifabeer.com\/wp-content\/uploads\/2025\/10\/pie-de-pagina-e1759333790572-768x395.png 768w\" sizes=\"(max-width: 1080px) 100vw, 1080px\" \/>\t\t\t\t\t\t\t\t\t\t\t\t\t\t\t<\/div>\n\t\t\t\t\t<\/div>\n\t\t\t\t<\/div>\n\t\t\t\t<\/div>\n\t\t","protected":false},"excerpt":{"rendered":"<p>Nacimos entre las olas, el salitre y un walkman sonando a todo volumen. Nuestra birra sabe a sol, a libertad y a veranos que nunca terminan. IPA Intensa y arom\u00e1tica, perfecta para los amantes del surf. Detalles BLONDE ALE Refrescante y suave, ideal para los d\u00edas de playa. Detalles ZERO Todo el sabor, sin restricciones. [&hellip;]<\/p>\n","protected":false},"author":1,"featured_media":0,"parent":0,"menu_order":0,"comment_status":"closed","ping_status":"closed","template":"","meta":{"footnotes":""},"class_list":["post-11","page","type-page","status-publish","hentry"],"yoast_head":"<!-- This site is optimized with the Yoast SEO plugin v26.0 - https:\/\/yoast.com\/wordpress\/plugins\/seo\/ -->\n<title>Tarifa Beer \u2013 P\u00e1gina de inicio<\/title>\n<meta name=\"description\" content=\"Tarifa Beer t\u00fa cerveza artesanal tarife\u00f1a que despierta los sentidos con frescura y car\u00e1cter; tres estilos de para disfrutar sin l\u00edmites.\" \/>\n<meta name=\"robots\" content=\"index, follow, max-snippet:-1, max-image-preview:large, max-video-preview:-1\" \/>\n<link rel=\"canonical\" href=\"https:\/\/tarifabeer.com\/\" \/>\n<meta property=\"og:locale\" content=\"es_ES\" \/>\n<meta property=\"og:type\" content=\"article\" \/>\n<meta property=\"og:title\" content=\"Tarifa Beer \u2013 P\u00e1gina de inicio\" \/>\n<meta property=\"og:description\" content=\"Tarifa Beer t\u00fa cerveza artesanal tarife\u00f1a que despierta los sentidos con frescura y car\u00e1cter; tres estilos de para disfrutar sin l\u00edmites.\" \/>\n<meta property=\"og:url\" content=\"https:\/\/tarifabeer.com\/\" \/>\n<meta property=\"og:site_name\" content=\"Tarifa Beer\" \/>\n<meta property=\"article:modified_time\" content=\"2025-10-06T11:58:34+00:00\" \/>\n<meta property=\"og:image\" content=\"https:\/\/tarifabeer.com\/wp-content\/uploads\/2025\/07\/circulo-home-page-1024x323.png\" \/>\n<meta name=\"twitter:card\" content=\"summary_large_image\" \/>\n<meta name=\"twitter:label1\" content=\"Tiempo de lectura\" \/>\n\t<meta name=\"twitter:data1\" content=\"1 minuto\" \/>\n<script type=\"application\/ld+json\" class=\"yoast-schema-graph\">{\"@context\":\"https:\/\/schema.org\",\"@graph\":[{\"@type\":\"WebPage\",\"@id\":\"https:\/\/tarifabeer.com\/\",\"url\":\"https:\/\/tarifabeer.com\/\",\"name\":\"Tarifa Beer \u2013 P\u00e1gina de inicio\",\"isPartOf\":{\"@id\":\"https:\/\/tarifabeer.com\/#website\"},\"primaryImageOfPage\":{\"@id\":\"https:\/\/tarifabeer.com\/#primaryimage\"},\"image\":{\"@id\":\"https:\/\/tarifabeer.com\/#primaryimage\"},\"thumbnailUrl\":\"https:\/\/tarifabeer.com\/wp-content\/uploads\/2025\/07\/circulo-home-page-1024x323.png\",\"datePublished\":\"2025-07-14T18:21:59+00:00\",\"dateModified\":\"2025-10-06T11:58:34+00:00\",\"description\":\"Tarifa Beer t\u00fa cerveza artesanal tarife\u00f1a que despierta los sentidos con frescura y car\u00e1cter; tres estilos de para disfrutar sin l\u00edmites.\",\"breadcrumb\":{\"@id\":\"https:\/\/tarifabeer.com\/#breadcrumb\"},\"inLanguage\":\"es\",\"potentialAction\":[{\"@type\":\"ReadAction\",\"target\":[\"https:\/\/tarifabeer.com\/\"]}]},{\"@type\":\"ImageObject\",\"inLanguage\":\"es\",\"@id\":\"https:\/\/tarifabeer.com\/#primaryimage\",\"url\":\"https:\/\/tarifabeer.com\/wp-content\/uploads\/2025\/07\/circulo-home-page.png\",\"contentUrl\":\"https:\/\/tarifabeer.com\/wp-content\/uploads\/2025\/07\/circulo-home-page.png\",\"width\":2302,\"height\":726},{\"@type\":\"BreadcrumbList\",\"@id\":\"https:\/\/tarifabeer.com\/#breadcrumb\",\"itemListElement\":[{\"@type\":\"ListItem\",\"position\":1,\"name\":\"Portada\",\"item\":\"https:\/\/tarifabeer.com\/\"},{\"@type\":\"ListItem\",\"position\":2,\"name\":\"P\u00e1gina de inicio\"}]},{\"@type\":\"WebSite\",\"@id\":\"https:\/\/tarifabeer.com\/#website\",\"url\":\"https:\/\/tarifabeer.com\/\",\"name\":\"Tarifa Beer\",\"description\":\"Cerveza artesanal de Tarifa. Pura, dorada y hecha con buena vibra.\",\"publisher\":{\"@id\":\"https:\/\/tarifabeer.com\/#organization\"},\"potentialAction\":[{\"@type\":\"SearchAction\",\"target\":{\"@type\":\"EntryPoint\",\"urlTemplate\":\"https:\/\/tarifabeer.com\/?s={search_term_string}\"},\"query-input\":{\"@type\":\"PropertyValueSpecification\",\"valueRequired\":true,\"valueName\":\"search_term_string\"}}],\"inLanguage\":\"es\"},{\"@type\":\"Organization\",\"@id\":\"https:\/\/tarifabeer.com\/#organization\",\"name\":\"Tarifa Beer\",\"url\":\"https:\/\/tarifabeer.com\/\",\"logo\":{\"@type\":\"ImageObject\",\"inLanguage\":\"es\",\"@id\":\"https:\/\/tarifabeer.com\/#\/schema\/logo\/image\/\",\"url\":\"https:\/\/tarifabeer.com\/wp-content\/uploads\/2025\/07\/cropped-cropped-cuadrado-lager.jpeg\",\"contentUrl\":\"https:\/\/tarifabeer.com\/wp-content\/uploads\/2025\/07\/cropped-cropped-cuadrado-lager.jpeg\",\"width\":512,\"height\":396,\"caption\":\"Tarifa Beer\"},\"image\":{\"@id\":\"https:\/\/tarifabeer.com\/#\/schema\/logo\/image\/\"}}]}<\/script>\n<!-- \/ Yoast SEO plugin. -->","yoast_head_json":{"title":"Tarifa Beer \u2013 P\u00e1gina de inicio","description":"Tarifa Beer t\u00fa cerveza artesanal tarife\u00f1a que despierta los sentidos con frescura y car\u00e1cter; tres estilos de para disfrutar sin l\u00edmites.","robots":{"index":"index","follow":"follow","max-snippet":"max-snippet:-1","max-image-preview":"max-image-preview:large","max-video-preview":"max-video-preview:-1"},"canonical":"https:\/\/tarifabeer.com\/","og_locale":"es_ES","og_type":"article","og_title":"Tarifa Beer \u2013 P\u00e1gina de inicio","og_description":"Tarifa Beer t\u00fa cerveza artesanal tarife\u00f1a que despierta los sentidos con frescura y car\u00e1cter; tres estilos de para disfrutar sin l\u00edmites.","og_url":"https:\/\/tarifabeer.com\/","og_site_name":"Tarifa Beer","article_modified_time":"2025-10-06T11:58:34+00:00","og_image":[{"url":"https:\/\/tarifabeer.com\/wp-content\/uploads\/2025\/07\/circulo-home-page-1024x323.png","type":"","width":"","height":""}],"twitter_card":"summary_large_image","twitter_misc":{"Tiempo de lectura":"1 minuto"},"schema":{"@context":"https:\/\/schema.org","@graph":[{"@type":"WebPage","@id":"https:\/\/tarifabeer.com\/","url":"https:\/\/tarifabeer.com\/","name":"Tarifa Beer \u2013 P\u00e1gina de inicio","isPartOf":{"@id":"https:\/\/tarifabeer.com\/#website"},"primaryImageOfPage":{"@id":"https:\/\/tarifabeer.com\/#primaryimage"},"image":{"@id":"https:\/\/tarifabeer.com\/#primaryimage"},"thumbnailUrl":"https:\/\/tarifabeer.com\/wp-content\/uploads\/2025\/07\/circulo-home-page-1024x323.png","datePublished":"2025-07-14T18:21:59+00:00","dateModified":"2025-10-06T11:58:34+00:00","description":"Tarifa Beer t\u00fa cerveza artesanal tarife\u00f1a que despierta los sentidos con frescura y car\u00e1cter; tres estilos de para disfrutar sin l\u00edmites.","breadcrumb":{"@id":"https:\/\/tarifabeer.com\/#breadcrumb"},"inLanguage":"es","potentialAction":[{"@type":"ReadAction","target":["https:\/\/tarifabeer.com\/"]}]},{"@type":"ImageObject","inLanguage":"es","@id":"https:\/\/tarifabeer.com\/#primaryimage","url":"https:\/\/tarifabeer.com\/wp-content\/uploads\/2025\/07\/circulo-home-page.png","contentUrl":"https:\/\/tarifabeer.com\/wp-content\/uploads\/2025\/07\/circulo-home-page.png","width":2302,"height":726},{"@type":"BreadcrumbList","@id":"https:\/\/tarifabeer.com\/#breadcrumb","itemListElement":[{"@type":"ListItem","position":1,"name":"Portada","item":"https:\/\/tarifabeer.com\/"},{"@type":"ListItem","position":2,"name":"P\u00e1gina de inicio"}]},{"@type":"WebSite","@id":"https:\/\/tarifabeer.com\/#website","url":"https:\/\/tarifabeer.com\/","name":"Tarifa Beer","description":"Cerveza artesanal de Tarifa. Pura, dorada y hecha con buena vibra.","publisher":{"@id":"https:\/\/tarifabeer.com\/#organization"},"potentialAction":[{"@type":"SearchAction","target":{"@type":"EntryPoint","urlTemplate":"https:\/\/tarifabeer.com\/?s={search_term_string}"},"query-input":{"@type":"PropertyValueSpecification","valueRequired":true,"valueName":"search_term_string"}}],"inLanguage":"es"},{"@type":"Organization","@id":"https:\/\/tarifabeer.com\/#organization","name":"Tarifa Beer","url":"https:\/\/tarifabeer.com\/","logo":{"@type":"ImageObject","inLanguage":"es","@id":"https:\/\/tarifabeer.com\/#\/schema\/logo\/image\/","url":"https:\/\/tarifabeer.com\/wp-content\/uploads\/2025\/07\/cropped-cropped-cuadrado-lager.jpeg","contentUrl":"https:\/\/tarifabeer.com\/wp-content\/uploads\/2025\/07\/cropped-cropped-cuadrado-lager.jpeg","width":512,"height":396,"caption":"Tarifa Beer"},"image":{"@id":"https:\/\/tarifabeer.com\/#\/schema\/logo\/image\/"}}]}},"_links":{"self":[{"href":"https:\/\/tarifabeer.com\/index.php?rest_route=\/wp\/v2\/pages\/11","targetHints":{"allow":["GET"]}}],"collection":[{"href":"https:\/\/tarifabeer.com\/index.php?rest_route=\/wp\/v2\/pages"}],"about":[{"href":"https:\/\/tarifabeer.com\/index.php?rest_route=\/wp\/v2\/types\/page"}],"author":[{"embeddable":true,"href":"https:\/\/tarifabeer.com\/index.php?rest_route=\/wp\/v2\/users\/1"}],"replies":[{"embeddable":true,"href":"https:\/\/tarifabeer.com\/index.php?rest_route=%2Fwp%2Fv2%2Fcomments&post=11"}],"version-history":[{"count":5,"href":"https:\/\/tarifabeer.com\/index.php?rest_route=\/wp\/v2\/pages\/11\/revisions"}],"predecessor-version":[{"id":330,"href":"https:\/\/tarifabeer.com\/index.php?rest_route=\/wp\/v2\/pages\/11\/revisions\/330"}],"wp:attachment":[{"href":"https:\/\/tarifabeer.com\/index.php?rest_route=%2Fwp%2Fv2%2Fmedia&parent=11"}],"curies":[{"name":"wp","href":"https:\/\/api.w.org\/{rel}","templated":true}]}}