{"id":48,"date":"2025-07-14T19:36:09","date_gmt":"2025-07-14T19:36:09","guid":{"rendered":"https:\/\/tarifabeer.com\/?page_id=48"},"modified":"2025-10-06T12:57:31","modified_gmt":"2025-10-06T12:57:31","slug":"ipa","status":"publish","type":"page","link":"https:\/\/tarifabeer.com\/?page_id=48","title":{"rendered":"Ipa"},"content":{"rendered":"\t\t<div data-elementor-type=\"wp-page\" data-elementor-id=\"48\" class=\"elementor elementor-48\">\n\t\t\t\t<div class=\"elementor-element elementor-element-e8dd830 e-flex e-con-boxed e-con e-parent\" data-id=\"e8dd830\" data-element_type=\"container\" data-settings=\"{&quot;background_background&quot;:&quot;classic&quot;}\">\n\t\t\t\t\t<div class=\"e-con-inner\">\n\t\t<div class=\"elementor-element elementor-element-cf4f520 e-con-full e-flex e-con e-child\" data-id=\"cf4f520\" data-element_type=\"container\" data-settings=\"{&quot;background_background&quot;:&quot;classic&quot;}\">\n\t\t<div class=\"elementor-element elementor-element-4aeda9e e-con-full e-flex e-con e-child\" data-id=\"4aeda9e\" data-element_type=\"container\">\n\t\t\t\t<div class=\"elementor-element elementor-element-abc5664 elementor-widget elementor-widget-image\" data-id=\"abc5664\" data-element_type=\"widget\" data-widget_type=\"image.default\">\n\t\t\t\t\t\t\t\t\t\t\t\t\t\t\t<img fetchpriority=\"high\" decoding=\"async\" width=\"285\" height=\"300\" src=\"https:\/\/tarifabeer.com\/wp-content\/uploads\/2025\/07\/cuadrado-ipa-e1759749819537-285x300.jpeg\" class=\"attachment-medium size-medium wp-image-16\" alt=\"\" srcset=\"https:\/\/tarifabeer.com\/wp-content\/uploads\/2025\/07\/cuadrado-ipa-e1759749819537-285x300.jpeg 285w, https:\/\/tarifabeer.com\/wp-content\/uploads\/2025\/07\/cuadrado-ipa-e1759749819537-974x1024.jpeg 974w, https:\/\/tarifabeer.com\/wp-content\/uploads\/2025\/07\/cuadrado-ipa-e1759749819537-768x807.jpeg 768w\" sizes=\"(max-width: 285px) 100vw, 285px\" \/>\t\t\t\t\t\t\t\t\t\t\t\t\t\t\t<\/div>\n\t\t\t\t<\/div>\n\t\t<div class=\"elementor-element elementor-element-c0bd1c4 e-con-full e-flex e-con e-child\" data-id=\"c0bd1c4\" data-element_type=\"container\" data-settings=\"{&quot;background_background&quot;:&quot;slideshow&quot;,&quot;background_slideshow_gallery&quot;:[{&quot;id&quot;:169,&quot;url&quot;:&quot;https:\\\/\\\/tarifa-beer-1-74c32d.ingress-florina.ewp.live\\\/wp-content\\\/uploads\\\/2025\\\/07\\\/playa-tarifa.webp&quot;}],&quot;background_slideshow_loop&quot;:&quot;yes&quot;,&quot;background_slideshow_slide_duration&quot;:5000,&quot;background_slideshow_slide_transition&quot;:&quot;fade&quot;,&quot;background_slideshow_transition_duration&quot;:500}\">\n\t\t<div class=\"elementor-element elementor-element-f0199cc e-con-full e-flex e-con e-child\" data-id=\"f0199cc\" data-element_type=\"container\" data-settings=\"{&quot;background_background&quot;:&quot;classic&quot;}\">\n\t\t\t\t<div class=\"elementor-element elementor-element-7adb824 elementor-widget elementor-widget-heading\" data-id=\"7adb824\" data-element_type=\"widget\" data-widget_type=\"heading.default\">\n\t\t\t\t\t<h1 class=\"elementor-heading-title elementor-size-default\">Tarifa Beer Ipa<\/h1>\t\t\t\t<\/div>\n\t\t\t\t<\/div>\n\t\t<div class=\"elementor-element elementor-element-eb71a06 e-con-full e-flex e-con e-child\" data-id=\"eb71a06\" data-element_type=\"container\">\n\t\t\t\t<div class=\"elementor-element elementor-element-4cb2ca8 elementor-widget elementor-widget-text-editor\" data-id=\"4cb2ca8\" data-element_type=\"widget\" data-widget_type=\"text-editor.default\">\n\t\t\t\t\t\t\t\t\t<p>M\u00e1s verde, m\u00e1s valiente, m\u00e1s Tarifa.<\/p>\t\t\t\t\t\t\t\t<\/div>\n\t\t\t\t<div class=\"elementor-element elementor-element-febc337 elementor-widget elementor-widget-text-editor\" data-id=\"febc337\" data-element_type=\"widget\" data-widget_type=\"text-editor.default\">\n\t\t\t\t\t\t\t\t\t<p>Amarga. Arom\u00e1tica. Inolvidable.<\/p>\t\t\t\t\t\t\t\t<\/div>\n\t\t<div class=\"elementor-element elementor-element-5a0e807 e-con-full e-flex e-con e-child\" data-id=\"5a0e807\" data-element_type=\"container\">\n\t\t\t\t<div class=\"elementor-element elementor-element-ca1d285 elementor-widget elementor-widget-text-editor\" data-id=\"ca1d285\" data-element_type=\"widget\" data-widget_type=\"text-editor.default\">\n\t\t\t\t\t\t\t\t\t<p>Nuestra IPA combina el amargor justo con una explosi\u00f3n de l\u00fapulo tropical. Para los que buscan algo distinto, pero aut\u00e9ntico.<\/p>\t\t\t\t\t\t\t\t<\/div>\n\t\t\t\t<\/div>\n\t\t\t\t<\/div>\n\t\t<div class=\"elementor-element elementor-element-313a5db e-con-full e-flex e-con e-child\" data-id=\"313a5db\" data-element_type=\"container\">\n\t\t\t\t<div class=\"elementor-element elementor-element-36646e0 e-n-tabs-mobile elementor-widget elementor-widget-n-tabs\" data-id=\"36646e0\" data-element_type=\"widget\" data-settings=\"{&quot;horizontal_scroll&quot;:&quot;disable&quot;}\" data-widget_type=\"nested-tabs.default\">\n\t\t\t\t\t\t\t<div class=\"e-n-tabs\" data-widget-number=\"57034464\" aria-label=\"Pesta\u00f1as. Abre elementos con Intro o Espacio, ci\u00e9rralos con Escape y navega con las fechas.\">\n\t\t\t<div class=\"e-n-tabs-heading\" role=\"tablist\">\n\t\t\t\t\t<button id=\"e-n-tab-title-570344641\" class=\"e-n-tab-title\" aria-selected=\"true\" data-tab-index=\"1\" role=\"tab\" tabindex=\"0\" aria-controls=\"e-n-tab-content-570344641\" style=\"--n-tabs-title-order: 1;\">\n\t\t\t\t\t\t<span class=\"e-n-tab-title-text\">\n\t\t\t\tInfo\t\t\t<\/span>\n\t\t<\/button>\n\t\t\t\t<button id=\"e-n-tab-title-570344642\" class=\"e-n-tab-title\" aria-selected=\"false\" data-tab-index=\"2\" role=\"tab\" tabindex=\"-1\" aria-controls=\"e-n-tab-content-570344642\" style=\"--n-tabs-title-order: 2;\">\n\t\t\t\t\t\t<span class=\"e-n-tab-title-text\">\n\t\t\t\tIngredientes\t\t\t<\/span>\n\t\t<\/button>\n\t\t\t\t\t<\/div>\n\t\t\t<div class=\"e-n-tabs-content\">\n\t\t\t\t<div id=\"e-n-tab-content-570344641\" role=\"tabpanel\" aria-labelledby=\"e-n-tab-title-570344641\" data-tab-index=\"1\" style=\"--n-tabs-title-order: 1;\" class=\"e-active elementor-element elementor-element-2faa10c e-con-full e-flex e-con e-child\" data-id=\"2faa10c\" data-element_type=\"container\">\n\t\t\t\t<div class=\"elementor-element elementor-element-a7d8b26 elementor-widget elementor-widget-text-editor\" data-id=\"a7d8b26\" data-element_type=\"widget\" data-widget_type=\"text-editor.default\">\n\t\t\t\t\t\t\t\t\t<p data-start=\"1026\" data-end=\"1043\">Alcohol: <strong data-start=\"1035\" data-end=\"1043\">5,2%<\/strong><\/p><p data-start=\"1046\" data-end=\"1069\">Tipo: <strong data-start=\"1052\" data-end=\"1069\">IPA artesanal<\/strong><\/p><p data-start=\"1072\" data-end=\"1104\">IBU: <strong data-start=\"1077\" data-end=\"1083\">48<\/strong> (amargor medio-alto)<\/p><p data-start=\"1107\" data-end=\"1125\">Tama\u00f1o: <strong data-start=\"1115\" data-end=\"1125\">440 ml<\/strong><\/p><p data-start=\"1128\" data-end=\"1137\">Vegana\u00a0<\/p>\t\t\t\t\t\t\t\t<\/div>\n\t\t\t\t<\/div>\n\t\t<div id=\"e-n-tab-content-570344642\" role=\"tabpanel\" aria-labelledby=\"e-n-tab-title-570344642\" data-tab-index=\"2\" style=\"--n-tabs-title-order: 2;\" class=\" elementor-element elementor-element-de95bfb e-con-full e-flex e-con e-child\" data-id=\"de95bfb\" data-element_type=\"container\">\n\t\t\t\t<div class=\"elementor-element elementor-element-053a1d4 elementor-widget elementor-widget-text-editor\" data-id=\"053a1d4\" data-element_type=\"widget\" data-widget_type=\"text-editor.default\">\n\t\t\t\t\t\t\t\t\t<p data-start=\"1561\" data-end=\"1567\">Agua<\/p><p data-start=\"1570\" data-end=\"1587\">Cebada malteada<\/p><p data-start=\"1590\" data-end=\"1598\">L\u00fapulo<\/p><p data-start=\"1601\" data-end=\"1611\">Levadura<\/p><p><em data-start=\"1613\" data-end=\"1640\">Apta para dietas veganas.<\/em><\/p>\t\t\t\t\t\t\t\t<\/div>\n\t\t\t\t<\/div>\n\t\t\t\t\t<\/div>\n\t\t<\/div>\n\t\t\t\t\t\t<\/div>\n\t\t\t\t<\/div>\n\t\t\t\t<\/div>\n\t\t\t\t<\/div>\n\t\t\t\t\t<\/div>\n\t\t\t\t<\/div>\n\t\t\t\t<\/div>\n\t\t","protected":false},"excerpt":{"rendered":"<p>Tarifa Beer Ipa M\u00e1s verde, m\u00e1s valiente, m\u00e1s Tarifa. Amarga. Arom\u00e1tica. Inolvidable. Nuestra IPA combina el amargor justo con una explosi\u00f3n de l\u00fapulo tropical. Para los que buscan algo distinto, pero aut\u00e9ntico. Info Ingredientes Alcohol: 5,2% Tipo: IPA artesanal IBU: 48 (amargor medio-alto) Tama\u00f1o: 440 ml Vegana\u00a0 Agua Cebada malteada L\u00fapulo Levadura Apta para dietas [&hellip;]<\/p>\n","protected":false},"author":1,"featured_media":0,"parent":0,"menu_order":0,"comment_status":"closed","ping_status":"closed","template":"","meta":{"footnotes":""},"class_list":["post-48","page","type-page","status-publish","hentry"],"yoast_head":"<!-- This site is optimized with the Yoast SEO plugin v26.0 - https:\/\/yoast.com\/wordpress\/plugins\/seo\/ -->\n<title>Ipa - Tarifa Beer<\/title>\n<meta name=\"description\" content=\"Nuestra IPA es intensa y arom\u00e1tica. Una cerveza con car\u00e1cter, nacida entre el viento y la sal de Tarifa.\" \/>\n<meta name=\"robots\" content=\"index, follow, max-snippet:-1, max-image-preview:large, max-video-preview:-1\" \/>\n<link rel=\"canonical\" href=\"https:\/\/tarifabeer.com\/?page_id=48\" \/>\n<meta property=\"og:locale\" content=\"es_ES\" \/>\n<meta property=\"og:type\" content=\"article\" \/>\n<meta property=\"og:title\" content=\"Ipa - Tarifa Beer\" \/>\n<meta property=\"og:description\" content=\"Nuestra IPA es intensa y arom\u00e1tica. Una cerveza con car\u00e1cter, nacida entre el viento y la sal de Tarifa.\" \/>\n<meta property=\"og:url\" content=\"https:\/\/tarifabeer.com\/?page_id=48\" \/>\n<meta property=\"og:site_name\" content=\"Tarifa Beer\" \/>\n<meta property=\"article:modified_time\" content=\"2025-10-06T12:57:31+00:00\" \/>\n<meta property=\"og:image\" content=\"https:\/\/tarifabeer.com\/wp-content\/uploads\/2025\/07\/cuadrado-ipa-e1759749819537-285x300.jpeg\" \/>\n<meta name=\"twitter:card\" content=\"summary_large_image\" \/>\n<meta name=\"twitter:label1\" content=\"Tiempo de lectura\" \/>\n\t<meta name=\"twitter:data1\" content=\"1 minuto\" \/>\n<script type=\"application\/ld+json\" class=\"yoast-schema-graph\">{\"@context\":\"https:\/\/schema.org\",\"@graph\":[{\"@type\":\"WebPage\",\"@id\":\"https:\/\/tarifabeer.com\/?page_id=48\",\"url\":\"https:\/\/tarifabeer.com\/?page_id=48\",\"name\":\"Ipa - Tarifa Beer\",\"isPartOf\":{\"@id\":\"https:\/\/tarifabeer.com\/#website\"},\"primaryImageOfPage\":{\"@id\":\"https:\/\/tarifabeer.com\/?page_id=48#primaryimage\"},\"image\":{\"@id\":\"https:\/\/tarifabeer.com\/?page_id=48#primaryimage\"},\"thumbnailUrl\":\"https:\/\/tarifabeer.com\/wp-content\/uploads\/2025\/07\/cuadrado-ipa-e1759749819537-285x300.jpeg\",\"datePublished\":\"2025-07-14T19:36:09+00:00\",\"dateModified\":\"2025-10-06T12:57:31+00:00\",\"description\":\"Nuestra IPA es intensa y arom\u00e1tica. Una cerveza con car\u00e1cter, nacida entre el viento y la sal de Tarifa.\",\"breadcrumb\":{\"@id\":\"https:\/\/tarifabeer.com\/?page_id=48#breadcrumb\"},\"inLanguage\":\"es\",\"potentialAction\":[{\"@type\":\"ReadAction\",\"target\":[\"https:\/\/tarifabeer.com\/?page_id=48\"]}]},{\"@type\":\"ImageObject\",\"inLanguage\":\"es\",\"@id\":\"https:\/\/tarifabeer.com\/?page_id=48#primaryimage\",\"url\":\"https:\/\/tarifabeer.com\/wp-content\/uploads\/2025\/07\/cuadrado-ipa-e1759749891161.jpeg\",\"contentUrl\":\"https:\/\/tarifabeer.com\/wp-content\/uploads\/2025\/07\/cuadrado-ipa-e1759749891161.jpeg\",\"width\":1028,\"height\":1080},{\"@type\":\"BreadcrumbList\",\"@id\":\"https:\/\/tarifabeer.com\/?page_id=48#breadcrumb\",\"itemListElement\":[{\"@type\":\"ListItem\",\"position\":1,\"name\":\"Portada\",\"item\":\"https:\/\/tarifabeer.com\/\"},{\"@type\":\"ListItem\",\"position\":2,\"name\":\"Ipa\"}]},{\"@type\":\"WebSite\",\"@id\":\"https:\/\/tarifabeer.com\/#website\",\"url\":\"https:\/\/tarifabeer.com\/\",\"name\":\"Tarifa Beer\",\"description\":\"Cerveza artesanal de Tarifa. Pura, dorada y hecha con buena vibra.\",\"publisher\":{\"@id\":\"https:\/\/tarifabeer.com\/#organization\"},\"potentialAction\":[{\"@type\":\"SearchAction\",\"target\":{\"@type\":\"EntryPoint\",\"urlTemplate\":\"https:\/\/tarifabeer.com\/?s={search_term_string}\"},\"query-input\":{\"@type\":\"PropertyValueSpecification\",\"valueRequired\":true,\"valueName\":\"search_term_string\"}}],\"inLanguage\":\"es\"},{\"@type\":\"Organization\",\"@id\":\"https:\/\/tarifabeer.com\/#organization\",\"name\":\"Tarifa Beer\",\"url\":\"https:\/\/tarifabeer.com\/\",\"logo\":{\"@type\":\"ImageObject\",\"inLanguage\":\"es\",\"@id\":\"https:\/\/tarifabeer.com\/#\/schema\/logo\/image\/\",\"url\":\"https:\/\/tarifabeer.com\/wp-content\/uploads\/2025\/07\/cropped-cropped-cuadrado-lager.jpeg\",\"contentUrl\":\"https:\/\/tarifabeer.com\/wp-content\/uploads\/2025\/07\/cropped-cropped-cuadrado-lager.jpeg\",\"width\":512,\"height\":396,\"caption\":\"Tarifa Beer\"},\"image\":{\"@id\":\"https:\/\/tarifabeer.com\/#\/schema\/logo\/image\/\"}}]}<\/script>\n<!-- \/ Yoast SEO plugin. -->","yoast_head_json":{"title":"Ipa - Tarifa Beer","description":"Nuestra IPA es intensa y arom\u00e1tica. Una cerveza con car\u00e1cter, nacida entre el viento y la sal de Tarifa.","robots":{"index":"index","follow":"follow","max-snippet":"max-snippet:-1","max-image-preview":"max-image-preview:large","max-video-preview":"max-video-preview:-1"},"canonical":"https:\/\/tarifabeer.com\/?page_id=48","og_locale":"es_ES","og_type":"article","og_title":"Ipa - Tarifa Beer","og_description":"Nuestra IPA es intensa y arom\u00e1tica. Una cerveza con car\u00e1cter, nacida entre el viento y la sal de Tarifa.","og_url":"https:\/\/tarifabeer.com\/?page_id=48","og_site_name":"Tarifa Beer","article_modified_time":"2025-10-06T12:57:31+00:00","og_image":[{"url":"https:\/\/tarifabeer.com\/wp-content\/uploads\/2025\/07\/cuadrado-ipa-e1759749819537-285x300.jpeg","type":"","width":"","height":""}],"twitter_card":"summary_large_image","twitter_misc":{"Tiempo de lectura":"1 minuto"},"schema":{"@context":"https:\/\/schema.org","@graph":[{"@type":"WebPage","@id":"https:\/\/tarifabeer.com\/?page_id=48","url":"https:\/\/tarifabeer.com\/?page_id=48","name":"Ipa - Tarifa Beer","isPartOf":{"@id":"https:\/\/tarifabeer.com\/#website"},"primaryImageOfPage":{"@id":"https:\/\/tarifabeer.com\/?page_id=48#primaryimage"},"image":{"@id":"https:\/\/tarifabeer.com\/?page_id=48#primaryimage"},"thumbnailUrl":"https:\/\/tarifabeer.com\/wp-content\/uploads\/2025\/07\/cuadrado-ipa-e1759749819537-285x300.jpeg","datePublished":"2025-07-14T19:36:09+00:00","dateModified":"2025-10-06T12:57:31+00:00","description":"Nuestra IPA es intensa y arom\u00e1tica. Una cerveza con car\u00e1cter, nacida entre el viento y la sal de Tarifa.","breadcrumb":{"@id":"https:\/\/tarifabeer.com\/?page_id=48#breadcrumb"},"inLanguage":"es","potentialAction":[{"@type":"ReadAction","target":["https:\/\/tarifabeer.com\/?page_id=48"]}]},{"@type":"ImageObject","inLanguage":"es","@id":"https:\/\/tarifabeer.com\/?page_id=48#primaryimage","url":"https:\/\/tarifabeer.com\/wp-content\/uploads\/2025\/07\/cuadrado-ipa-e1759749891161.jpeg","contentUrl":"https:\/\/tarifabeer.com\/wp-content\/uploads\/2025\/07\/cuadrado-ipa-e1759749891161.jpeg","width":1028,"height":1080},{"@type":"BreadcrumbList","@id":"https:\/\/tarifabeer.com\/?page_id=48#breadcrumb","itemListElement":[{"@type":"ListItem","position":1,"name":"Portada","item":"https:\/\/tarifabeer.com\/"},{"@type":"ListItem","position":2,"name":"Ipa"}]},{"@type":"WebSite","@id":"https:\/\/tarifabeer.com\/#website","url":"https:\/\/tarifabeer.com\/","name":"Tarifa Beer","description":"Cerveza artesanal de Tarifa. Pura, dorada y hecha con buena vibra.","publisher":{"@id":"https:\/\/tarifabeer.com\/#organization"},"potentialAction":[{"@type":"SearchAction","target":{"@type":"EntryPoint","urlTemplate":"https:\/\/tarifabeer.com\/?s={search_term_string}"},"query-input":{"@type":"PropertyValueSpecification","valueRequired":true,"valueName":"search_term_string"}}],"inLanguage":"es"},{"@type":"Organization","@id":"https:\/\/tarifabeer.com\/#organization","name":"Tarifa Beer","url":"https:\/\/tarifabeer.com\/","logo":{"@type":"ImageObject","inLanguage":"es","@id":"https:\/\/tarifabeer.com\/#\/schema\/logo\/image\/","url":"https:\/\/tarifabeer.com\/wp-content\/uploads\/2025\/07\/cropped-cropped-cuadrado-lager.jpeg","contentUrl":"https:\/\/tarifabeer.com\/wp-content\/uploads\/2025\/07\/cropped-cropped-cuadrado-lager.jpeg","width":512,"height":396,"caption":"Tarifa Beer"},"image":{"@id":"https:\/\/tarifabeer.com\/#\/schema\/logo\/image\/"}}]}},"_links":{"self":[{"href":"https:\/\/tarifabeer.com\/index.php?rest_route=\/wp\/v2\/pages\/48","targetHints":{"allow":["GET"]}}],"collection":[{"href":"https:\/\/tarifabeer.com\/index.php?rest_route=\/wp\/v2\/pages"}],"about":[{"href":"https:\/\/tarifabeer.com\/index.php?rest_route=\/wp\/v2\/types\/page"}],"author":[{"embeddable":true,"href":"https:\/\/tarifabeer.com\/index.php?rest_route=\/wp\/v2\/users\/1"}],"replies":[{"embeddable":true,"href":"https:\/\/tarifabeer.com\/index.php?rest_route=%2Fwp%2Fv2%2Fcomments&post=48"}],"version-history":[{"count":6,"href":"https:\/\/tarifabeer.com\/index.php?rest_route=\/wp\/v2\/pages\/48\/revisions"}],"predecessor-version":[{"id":344,"href":"https:\/\/tarifabeer.com\/index.php?rest_route=\/wp\/v2\/pages\/48\/revisions\/344"}],"wp:attachment":[{"href":"https:\/\/tarifabeer.com\/index.php?rest_route=%2Fwp%2Fv2%2Fmedia&parent=48"}],"curies":[{"name":"wp","href":"https:\/\/api.w.org\/{rel}","templated":true}]}}