{"id":66,"date":"2025-07-14T19:55:51","date_gmt":"2025-07-14T19:55:51","guid":{"rendered":"https:\/\/tarifabeer.com\/?page_id=66"},"modified":"2025-07-15T09:06:54","modified_gmt":"2025-07-15T09:06:54","slug":"zero","status":"publish","type":"page","link":"https:\/\/tarifabeer.com\/?page_id=66","title":{"rendered":"Zero"},"content":{"rendered":"\t\t<div data-elementor-type=\"wp-page\" data-elementor-id=\"66\" class=\"elementor elementor-66\">\n\t\t\t\t<div class=\"elementor-element elementor-element-ccca56a e-flex e-con-boxed e-con e-parent\" data-id=\"ccca56a\" data-element_type=\"container\" data-settings=\"{&quot;background_background&quot;:&quot;classic&quot;}\">\n\t\t\t\t\t<div class=\"e-con-inner\">\n\t\t<div class=\"elementor-element elementor-element-bd9e837 e-con-full e-flex e-con e-child\" data-id=\"bd9e837\" data-element_type=\"container\" data-settings=\"{&quot;background_background&quot;:&quot;classic&quot;}\">\n\t\t<div class=\"elementor-element elementor-element-9c759f2 e-con-full e-flex e-con e-child\" data-id=\"9c759f2\" data-element_type=\"container\">\n\t\t\t\t<div class=\"elementor-element elementor-element-58974f1 elementor-widget elementor-widget-image\" data-id=\"58974f1\" data-element_type=\"widget\" data-widget_type=\"image.default\">\n\t\t\t\t\t\t\t\t\t\t\t\t\t\t\t<img fetchpriority=\"high\" decoding=\"async\" width=\"285\" height=\"300\" src=\"https:\/\/tarifabeer.com\/wp-content\/uploads\/2025\/07\/cuadrado-zero-e1759750459954-285x300.jpeg\" class=\"attachment-medium size-medium wp-image-18\" alt=\"\" srcset=\"https:\/\/tarifabeer.com\/wp-content\/uploads\/2025\/07\/cuadrado-zero-e1759750459954-285x300.jpeg 285w, https:\/\/tarifabeer.com\/wp-content\/uploads\/2025\/07\/cuadrado-zero-e1759750459954-974x1024.jpeg 974w, https:\/\/tarifabeer.com\/wp-content\/uploads\/2025\/07\/cuadrado-zero-e1759750459954-768x807.jpeg 768w, https:\/\/tarifabeer.com\/wp-content\/uploads\/2025\/07\/cuadrado-zero-e1759750459954.jpeg 1080w\" sizes=\"(max-width: 285px) 100vw, 285px\" \/>\t\t\t\t\t\t\t\t\t\t\t\t\t\t\t<\/div>\n\t\t\t\t<\/div>\n\t\t<div class=\"elementor-element elementor-element-59673d9 e-con-full e-flex e-con e-child\" data-id=\"59673d9\" data-element_type=\"container\" data-settings=\"{&quot;background_background&quot;:&quot;slideshow&quot;,&quot;background_slideshow_gallery&quot;:[{&quot;id&quot;:169,&quot;url&quot;:&quot;https:\\\/\\\/tarifa-beer-1-74c32d.ingress-florina.ewp.live\\\/wp-content\\\/uploads\\\/2025\\\/07\\\/playa-tarifa.webp&quot;}],&quot;background_slideshow_loop&quot;:&quot;yes&quot;,&quot;background_slideshow_slide_duration&quot;:5000,&quot;background_slideshow_slide_transition&quot;:&quot;fade&quot;,&quot;background_slideshow_transition_duration&quot;:500}\">\n\t\t<div class=\"elementor-element elementor-element-904187c e-con-full e-flex e-con e-child\" data-id=\"904187c\" data-element_type=\"container\">\n\t\t\t\t<div class=\"elementor-element elementor-element-8795b97 elementor-widget elementor-widget-heading\" data-id=\"8795b97\" data-element_type=\"widget\" data-widget_type=\"heading.default\">\n\t\t\t\t\t<h1 class=\"elementor-heading-title elementor-size-default\">Tarifa Beer Zero<\/h1>\t\t\t\t<\/div>\n\t\t\t\t<\/div>\n\t\t<div class=\"elementor-element elementor-element-cdbd768 e-con-full e-flex e-con e-child\" data-id=\"cdbd768\" data-element_type=\"container\">\n\t\t\t\t<div class=\"elementor-element elementor-element-2ac6c9c elementor-widget elementor-widget-text-editor\" data-id=\"2ac6c9c\" data-element_type=\"widget\" data-widget_type=\"text-editor.default\">\n\t\t\t\t\t\t\t\t\t<p>M\u00e1s verde, m\u00e1s valiente, m\u00e1s Tarifa.<\/p>\t\t\t\t\t\t\t\t<\/div>\n\t\t\t\t<div class=\"elementor-element elementor-element-aa8ce40 elementor-widget elementor-widget-text-editor\" data-id=\"aa8ce40\" data-element_type=\"widget\" data-widget_type=\"text-editor.default\">\n\t\t\t\t\t\t\t\t\t<p>Libre. Ligera. Sin l\u00edmites.<\/p>\t\t\t\t\t\t\t\t<\/div>\n\t\t<div class=\"elementor-element elementor-element-431adbb e-con-full e-flex e-con e-child\" data-id=\"431adbb\" data-element_type=\"container\">\n\t\t\t\t<div class=\"elementor-element elementor-element-a1219ed elementor-widget elementor-widget-text-editor\" data-id=\"a1219ed\" data-element_type=\"widget\" data-widget_type=\"text-editor.default\">\n\t\t\t\t\t\t\t\t\t<p>La Tarifa Beer Zero mantiene todo el car\u00e1cter de nuestra cerveza, pero sin una gota de alcohol. <br \/>Perfecta para quienes no quieren renunciar al sabor, al dise\u00f1o ni al buen rollo.<\/p>\t\t\t\t\t\t\t\t<\/div>\n\t\t\t\t<\/div>\n\t\t\t\t<\/div>\n\t\t<div class=\"elementor-element elementor-element-fa24ba6 e-con-full e-flex e-con e-child\" data-id=\"fa24ba6\" data-element_type=\"container\">\n\t\t\t\t<div class=\"elementor-element elementor-element-bb3d834 e-n-tabs-mobile elementor-widget elementor-widget-n-tabs\" data-id=\"bb3d834\" data-element_type=\"widget\" data-settings=\"{&quot;horizontal_scroll&quot;:&quot;disable&quot;}\" data-widget_type=\"nested-tabs.default\">\n\t\t\t\t\t\t\t<div class=\"e-n-tabs\" data-widget-number=\"196335668\" aria-label=\"Pesta\u00f1as. Abre elementos con Intro o Espacio, ci\u00e9rralos con Escape y navega con las fechas.\">\n\t\t\t<div class=\"e-n-tabs-heading\" role=\"tablist\">\n\t\t\t\t\t<button id=\"e-n-tab-title-1963356681\" class=\"e-n-tab-title\" aria-selected=\"true\" data-tab-index=\"1\" role=\"tab\" tabindex=\"0\" aria-controls=\"e-n-tab-content-1963356681\" style=\"--n-tabs-title-order: 1;\">\n\t\t\t\t\t\t<span class=\"e-n-tab-title-text\">\n\t\t\t\tInfo\t\t\t<\/span>\n\t\t<\/button>\n\t\t\t\t<button id=\"e-n-tab-title-1963356682\" class=\"e-n-tab-title\" aria-selected=\"false\" data-tab-index=\"2\" role=\"tab\" tabindex=\"-1\" aria-controls=\"e-n-tab-content-1963356682\" style=\"--n-tabs-title-order: 2;\">\n\t\t\t\t\t\t<span class=\"e-n-tab-title-text\">\n\t\t\t\tIngredientes\t\t\t<\/span>\n\t\t<\/button>\n\t\t\t\t\t<\/div>\n\t\t\t<div class=\"e-n-tabs-content\">\n\t\t\t\t<div id=\"e-n-tab-content-1963356681\" role=\"tabpanel\" aria-labelledby=\"e-n-tab-title-1963356681\" data-tab-index=\"1\" style=\"--n-tabs-title-order: 1;\" class=\"e-active elementor-element elementor-element-12cf3a9 e-con-full e-flex e-con e-child\" data-id=\"12cf3a9\" data-element_type=\"container\">\n\t\t\t\t<div class=\"elementor-element elementor-element-7d71b32 elementor-widget elementor-widget-text-editor\" data-id=\"7d71b32\" data-element_type=\"widget\" data-widget_type=\"text-editor.default\">\n\t\t\t\t\t\t\t\t\t<p data-start=\"1026\" data-end=\"1043\">Alcohol: <strong>0,0%<\/strong><\/p><p data-start=\"1046\" data-end=\"1069\">Tipo: <strong>cero alcohol<\/strong><\/p><p data-start=\"1072\" data-end=\"1104\">IBU: <strong data-start=\"1077\" data-end=\"1083\">16<\/strong>\u00a0<\/p><p data-start=\"1107\" data-end=\"1125\">Tama\u00f1o: <strong data-start=\"1115\" data-end=\"1125\">440 ml<\/strong><\/p><p data-start=\"1128\" data-end=\"1137\">Vegana\u00a0<\/p><p data-start=\"1128\" data-end=\"1137\">Sin pasteurizar<\/p>\t\t\t\t\t\t\t\t<\/div>\n\t\t\t\t<\/div>\n\t\t<div id=\"e-n-tab-content-1963356682\" role=\"tabpanel\" aria-labelledby=\"e-n-tab-title-1963356682\" data-tab-index=\"2\" style=\"--n-tabs-title-order: 2;\" class=\" elementor-element elementor-element-070ec41 e-con-full e-flex e-con e-child\" data-id=\"070ec41\" data-element_type=\"container\">\n\t\t\t\t<div class=\"elementor-element elementor-element-271a579 elementor-widget elementor-widget-text-editor\" data-id=\"271a579\" data-element_type=\"widget\" data-widget_type=\"text-editor.default\">\n\t\t\t\t\t\t\t\t\t<p data-start=\"1561\" data-end=\"1567\">Agua<\/p><p data-start=\"1570\" data-end=\"1587\">Cebada malteada<\/p><p data-start=\"1590\" data-end=\"1598\">L\u00fapulo<\/p><p data-start=\"1601\" data-end=\"1611\">Levadura<\/p><p><em data-start=\"1613\" data-end=\"1640\">Apta para dietas veganas.<\/em><\/p>\t\t\t\t\t\t\t\t<\/div>\n\t\t\t\t<\/div>\n\t\t\t\t\t<\/div>\n\t\t<\/div>\n\t\t\t\t\t\t<\/div>\n\t\t\t\t<\/div>\n\t\t\t\t<\/div>\n\t\t\t\t<\/div>\n\t\t\t\t\t<\/div>\n\t\t\t\t<\/div>\n\t\t\t\t<\/div>\n\t\t","protected":false},"excerpt":{"rendered":"<p>Tarifa Beer Zero M\u00e1s verde, m\u00e1s valiente, m\u00e1s Tarifa. Libre. Ligera. Sin l\u00edmites. La Tarifa Beer Zero mantiene todo el car\u00e1cter de nuestra cerveza, pero sin una gota de alcohol. Perfecta para quienes no quieren renunciar al sabor, al dise\u00f1o ni al buen rollo. Info Ingredientes Alcohol: 0,0% Tipo: cero alcohol IBU: 16\u00a0 Tama\u00f1o: 440 [&hellip;]<\/p>\n","protected":false},"author":1,"featured_media":0,"parent":0,"menu_order":0,"comment_status":"closed","ping_status":"closed","template":"","meta":{"footnotes":""},"class_list":["post-66","page","type-page","status-publish","hentry"],"yoast_head":"<!-- This site is optimized with the Yoast SEO plugin v26.0 - https:\/\/yoast.com\/wordpress\/plugins\/seo\/ -->\n<title>Zero - Tarifa Beer<\/title>\n<meta name=\"robots\" content=\"index, follow, max-snippet:-1, max-image-preview:large, max-video-preview:-1\" \/>\n<link rel=\"canonical\" href=\"https:\/\/tarifabeer.com\/?page_id=66\" \/>\n<meta property=\"og:locale\" content=\"es_ES\" \/>\n<meta property=\"og:type\" content=\"article\" \/>\n<meta property=\"og:title\" content=\"Zero - Tarifa Beer\" \/>\n<meta property=\"og:description\" content=\"Tarifa Beer Zero M\u00e1s verde, m\u00e1s valiente, m\u00e1s Tarifa. Libre. Ligera. Sin l\u00edmites. La Tarifa Beer Zero mantiene todo el car\u00e1cter de nuestra cerveza, pero sin una gota de alcohol. Perfecta para quienes no quieren renunciar al sabor, al dise\u00f1o ni al buen rollo. Info Ingredientes Alcohol: 0,0% Tipo: cero alcohol IBU: 16\u00a0 Tama\u00f1o: 440 [&hellip;]\" \/>\n<meta property=\"og:url\" content=\"https:\/\/tarifabeer.com\/?page_id=66\" \/>\n<meta property=\"og:site_name\" content=\"Tarifa Beer\" \/>\n<meta property=\"article:modified_time\" content=\"2025-07-15T09:06:54+00:00\" \/>\n<meta property=\"og:image\" content=\"https:\/\/tarifabeer.com\/wp-content\/uploads\/2025\/07\/cuadrado-zero-240x300.jpeg\" \/>\n<meta name=\"twitter:card\" content=\"summary_large_image\" \/>\n<script type=\"application\/ld+json\" class=\"yoast-schema-graph\">{\"@context\":\"https:\/\/schema.org\",\"@graph\":[{\"@type\":\"WebPage\",\"@id\":\"https:\/\/tarifabeer.com\/?page_id=66\",\"url\":\"https:\/\/tarifabeer.com\/?page_id=66\",\"name\":\"Zero - Tarifa Beer\",\"isPartOf\":{\"@id\":\"https:\/\/tarifabeer.com\/#website\"},\"primaryImageOfPage\":{\"@id\":\"https:\/\/tarifabeer.com\/?page_id=66#primaryimage\"},\"image\":{\"@id\":\"https:\/\/tarifabeer.com\/?page_id=66#primaryimage\"},\"thumbnailUrl\":\"https:\/\/tarifabeer.com\/wp-content\/uploads\/2025\/07\/cuadrado-zero-240x300.jpeg\",\"datePublished\":\"2025-07-14T19:55:51+00:00\",\"dateModified\":\"2025-07-15T09:06:54+00:00\",\"breadcrumb\":{\"@id\":\"https:\/\/tarifabeer.com\/?page_id=66#breadcrumb\"},\"inLanguage\":\"es\",\"potentialAction\":[{\"@type\":\"ReadAction\",\"target\":[\"https:\/\/tarifabeer.com\/?page_id=66\"]}]},{\"@type\":\"ImageObject\",\"inLanguage\":\"es\",\"@id\":\"https:\/\/tarifabeer.com\/?page_id=66#primaryimage\",\"url\":\"https:\/\/tarifabeer.com\/wp-content\/uploads\/2025\/07\/cuadrado-zero-240x300.jpeg\",\"contentUrl\":\"https:\/\/tarifabeer.com\/wp-content\/uploads\/2025\/07\/cuadrado-zero-240x300.jpeg\"},{\"@type\":\"BreadcrumbList\",\"@id\":\"https:\/\/tarifabeer.com\/?page_id=66#breadcrumb\",\"itemListElement\":[{\"@type\":\"ListItem\",\"position\":1,\"name\":\"Portada\",\"item\":\"https:\/\/tarifabeer.com\/\"},{\"@type\":\"ListItem\",\"position\":2,\"name\":\"Zero\"}]},{\"@type\":\"WebSite\",\"@id\":\"https:\/\/tarifabeer.com\/#website\",\"url\":\"https:\/\/tarifabeer.com\/\",\"name\":\"Tarifa Beer\",\"description\":\"Cerveza artesanal de Tarifa. Pura, dorada y hecha con buena vibra.\",\"publisher\":{\"@id\":\"https:\/\/tarifabeer.com\/#organization\"},\"potentialAction\":[{\"@type\":\"SearchAction\",\"target\":{\"@type\":\"EntryPoint\",\"urlTemplate\":\"https:\/\/tarifabeer.com\/?s={search_term_string}\"},\"query-input\":{\"@type\":\"PropertyValueSpecification\",\"valueRequired\":true,\"valueName\":\"search_term_string\"}}],\"inLanguage\":\"es\"},{\"@type\":\"Organization\",\"@id\":\"https:\/\/tarifabeer.com\/#organization\",\"name\":\"Tarifa Beer\",\"url\":\"https:\/\/tarifabeer.com\/\",\"logo\":{\"@type\":\"ImageObject\",\"inLanguage\":\"es\",\"@id\":\"https:\/\/tarifabeer.com\/#\/schema\/logo\/image\/\",\"url\":\"https:\/\/tarifabeer.com\/wp-content\/uploads\/2025\/07\/cropped-cropped-cuadrado-lager.jpeg\",\"contentUrl\":\"https:\/\/tarifabeer.com\/wp-content\/uploads\/2025\/07\/cropped-cropped-cuadrado-lager.jpeg\",\"width\":512,\"height\":396,\"caption\":\"Tarifa Beer\"},\"image\":{\"@id\":\"https:\/\/tarifabeer.com\/#\/schema\/logo\/image\/\"}}]}<\/script>\n<!-- \/ Yoast SEO plugin. -->","yoast_head_json":{"title":"Zero - Tarifa Beer","robots":{"index":"index","follow":"follow","max-snippet":"max-snippet:-1","max-image-preview":"max-image-preview:large","max-video-preview":"max-video-preview:-1"},"canonical":"https:\/\/tarifabeer.com\/?page_id=66","og_locale":"es_ES","og_type":"article","og_title":"Zero - Tarifa Beer","og_description":"Tarifa Beer Zero M\u00e1s verde, m\u00e1s valiente, m\u00e1s Tarifa. Libre. Ligera. Sin l\u00edmites. La Tarifa Beer Zero mantiene todo el car\u00e1cter de nuestra cerveza, pero sin una gota de alcohol. Perfecta para quienes no quieren renunciar al sabor, al dise\u00f1o ni al buen rollo. Info Ingredientes Alcohol: 0,0% Tipo: cero alcohol IBU: 16\u00a0 Tama\u00f1o: 440 [&hellip;]","og_url":"https:\/\/tarifabeer.com\/?page_id=66","og_site_name":"Tarifa Beer","article_modified_time":"2025-07-15T09:06:54+00:00","og_image":[{"url":"https:\/\/tarifabeer.com\/wp-content\/uploads\/2025\/07\/cuadrado-zero-240x300.jpeg","type":"","width":"","height":""}],"twitter_card":"summary_large_image","schema":{"@context":"https:\/\/schema.org","@graph":[{"@type":"WebPage","@id":"https:\/\/tarifabeer.com\/?page_id=66","url":"https:\/\/tarifabeer.com\/?page_id=66","name":"Zero - Tarifa Beer","isPartOf":{"@id":"https:\/\/tarifabeer.com\/#website"},"primaryImageOfPage":{"@id":"https:\/\/tarifabeer.com\/?page_id=66#primaryimage"},"image":{"@id":"https:\/\/tarifabeer.com\/?page_id=66#primaryimage"},"thumbnailUrl":"https:\/\/tarifabeer.com\/wp-content\/uploads\/2025\/07\/cuadrado-zero-240x300.jpeg","datePublished":"2025-07-14T19:55:51+00:00","dateModified":"2025-07-15T09:06:54+00:00","breadcrumb":{"@id":"https:\/\/tarifabeer.com\/?page_id=66#breadcrumb"},"inLanguage":"es","potentialAction":[{"@type":"ReadAction","target":["https:\/\/tarifabeer.com\/?page_id=66"]}]},{"@type":"ImageObject","inLanguage":"es","@id":"https:\/\/tarifabeer.com\/?page_id=66#primaryimage","url":"https:\/\/tarifabeer.com\/wp-content\/uploads\/2025\/07\/cuadrado-zero-240x300.jpeg","contentUrl":"https:\/\/tarifabeer.com\/wp-content\/uploads\/2025\/07\/cuadrado-zero-240x300.jpeg"},{"@type":"BreadcrumbList","@id":"https:\/\/tarifabeer.com\/?page_id=66#breadcrumb","itemListElement":[{"@type":"ListItem","position":1,"name":"Portada","item":"https:\/\/tarifabeer.com\/"},{"@type":"ListItem","position":2,"name":"Zero"}]},{"@type":"WebSite","@id":"https:\/\/tarifabeer.com\/#website","url":"https:\/\/tarifabeer.com\/","name":"Tarifa Beer","description":"Cerveza artesanal de Tarifa. Pura, dorada y hecha con buena vibra.","publisher":{"@id":"https:\/\/tarifabeer.com\/#organization"},"potentialAction":[{"@type":"SearchAction","target":{"@type":"EntryPoint","urlTemplate":"https:\/\/tarifabeer.com\/?s={search_term_string}"},"query-input":{"@type":"PropertyValueSpecification","valueRequired":true,"valueName":"search_term_string"}}],"inLanguage":"es"},{"@type":"Organization","@id":"https:\/\/tarifabeer.com\/#organization","name":"Tarifa Beer","url":"https:\/\/tarifabeer.com\/","logo":{"@type":"ImageObject","inLanguage":"es","@id":"https:\/\/tarifabeer.com\/#\/schema\/logo\/image\/","url":"https:\/\/tarifabeer.com\/wp-content\/uploads\/2025\/07\/cropped-cropped-cuadrado-lager.jpeg","contentUrl":"https:\/\/tarifabeer.com\/wp-content\/uploads\/2025\/07\/cropped-cropped-cuadrado-lager.jpeg","width":512,"height":396,"caption":"Tarifa Beer"},"image":{"@id":"https:\/\/tarifabeer.com\/#\/schema\/logo\/image\/"}}]}},"_links":{"self":[{"href":"https:\/\/tarifabeer.com\/index.php?rest_route=\/wp\/v2\/pages\/66","targetHints":{"allow":["GET"]}}],"collection":[{"href":"https:\/\/tarifabeer.com\/index.php?rest_route=\/wp\/v2\/pages"}],"about":[{"href":"https:\/\/tarifabeer.com\/index.php?rest_route=\/wp\/v2\/types\/page"}],"author":[{"embeddable":true,"href":"https:\/\/tarifabeer.com\/index.php?rest_route=\/wp\/v2\/users\/1"}],"replies":[{"embeddable":true,"href":"https:\/\/tarifabeer.com\/index.php?rest_route=%2Fwp%2Fv2%2Fcomments&post=66"}],"version-history":[{"count":5,"href":"https:\/\/tarifabeer.com\/index.php?rest_route=\/wp\/v2\/pages\/66\/revisions"}],"predecessor-version":[{"id":190,"href":"https:\/\/tarifabeer.com\/index.php?rest_route=\/wp\/v2\/pages\/66\/revisions\/190"}],"wp:attachment":[{"href":"https:\/\/tarifabeer.com\/index.php?rest_route=%2Fwp%2Fv2%2Fmedia&parent=66"}],"curies":[{"name":"wp","href":"https:\/\/api.w.org\/{rel}","templated":true}]}}